{"id":8274,"date":"2025-10-03T11:38:11","date_gmt":"2025-10-03T08:38:11","guid":{"rendered":"https:\/\/halklailiskiler.avrasya.edu.tr\/?page_id=8274"},"modified":"2025-10-03T11:38:11","modified_gmt":"2025-10-03T08:38:11","slug":"halkla-iliskiler-cift-anadal-ve-yandal-protokolleri","status":"publish","type":"page","link":"https:\/\/halklailiskiler.avrasya.edu.tr\/?page_id=8274","title":{"rendered":"Halkla \u0130li\u015fkiler \u00c7ift Anadal ve Yandal Protokolleri"},"content":{"rendered":"","protected":false},"excerpt":{"rendered":"","protected":false},"author":1,"featured_media":0,"parent":0,"menu_order":0,"comment_status":"closed","ping_status":"closed","template":"","meta":{"footnotes":""},"class_list":["post-8274","page","type-page","status-publish","hentry"],"_links":{"self":[{"href":"https:\/\/halklailiskiler.avrasya.edu.tr\/index.php?rest_route=\/wp\/v2\/pages\/8274","targetHints":{"allow":["GET"]}}],"collection":[{"href":"https:\/\/halklailiskiler.avrasya.edu.tr\/index.php?rest_route=\/wp\/v2\/pages"}],"about":[{"href":"https:\/\/halklailiskiler.avrasya.edu.tr\/index.php?rest_route=\/wp\/v2\/types\/page"}],"author":[{"embeddable":true,"href":"https:\/\/halklailiskiler.avrasya.edu.tr\/index.php?rest_route=\/wp\/v2\/users\/1"}],"replies":[{"embeddable":true,"href":"https:\/\/halklailiskiler.avrasya.edu.tr\/index.php?rest_route=%2Fwp%2Fv2%2Fcomments&post=8274"}],"version-history":[{"count":2,"href":"https:\/\/halklailiskiler.avrasya.edu.tr\/index.php?rest_route=\/wp\/v2\/pages\/8274\/revisions"}],"predecessor-version":[{"id":8276,"href":"https:\/\/halklailiskiler.avrasya.edu.tr\/index.php?rest_route=\/wp\/v2\/pages\/8274\/revisions\/8276"}],"wp:attachment":[{"href":"https:\/\/halklailiskiler.avrasya.edu.tr\/index.php?rest_route=%2Fwp%2Fv2%2Fmedia&parent=8274"}],"curies":[{"name":"wp","href":"https:\/\/api.w.org\/{rel}","templated":true}]}}