{"id":8296,"date":"2025-10-20T14:29:57","date_gmt":"2025-10-20T11:29:57","guid":{"rendered":"https:\/\/halklailiskiler.avrasya.edu.tr\/?page_id=8296"},"modified":"2025-10-20T14:29:58","modified_gmt":"2025-10-20T11:29:58","slug":"komisyon-sorumlular","status":"publish","type":"page","link":"https:\/\/halklailiskiler.avrasya.edu.tr\/?page_id=8296","title":{"rendered":"Komisyon\/Sorumlular"},"content":{"rendered":"\n<p><strong>\u0130ntibak Komisyonu<\/strong><br>\u00d6\u011fr. G\u00f6r. T\u00fcrkan AYDO\u011eAN<br>\u00d6\u011fr. G\u00f6r Zekiye GEN\u00c7<br>\u00d6\u011fr. G\u00f6r. Vesile UZLU<br><strong>De\u011fi\u015fim Program\u0131 Sorumlusu<\/strong><br>\u00d6\u011fr. G\u00f6r. Zekiye GEN\u00c7<br><strong>Stratejik Plan\/B\u0130DR Sorumlusu<\/strong><br>\u00d6\u011fr. G\u00f6r. Vesile UZLU<br><strong>Proje Sorumlusu<\/strong><br>\u00d6\u011fr. G\u00f6r. T\u00fcrkan AYDO\u011eAN<br><strong>Mezun \u0130zleme Sorumlusu<\/strong><br>\u00d6\u011fr. G\u00f6r. Zekiye GEN\u00c7<\/p>\n","protected":false},"excerpt":{"rendered":"<p>\u0130ntibak Komisyonu\u00d6\u011fr. G\u00f6r. T\u00fcrkan AYDO\u011eAN\u00d6\u011fr. G\u00f6r Zekiye GEN\u00c7\u00d6\u011fr. G\u00f6r. Vesile UZLUDe\u011fi\u015fim Program\u0131 Sorumlusu\u00d6\u011fr. G\u00f6r. Zekiye GEN\u00c7Stratejik Plan\/B\u0130DR Sorumlusu\u00d6\u011fr. G\u00f6r. Vesile UZLUProje Sorumlusu\u00d6\u011fr. G\u00f6r. T\u00fcrkan AYDO\u011eANMezun \u0130zleme Sorumlusu\u00d6\u011fr. G\u00f6r. Zekiye GEN\u00c7<\/p>\n","protected":false},"author":1,"featured_media":0,"parent":0,"menu_order":0,"comment_status":"closed","ping_status":"closed","template":"","meta":{"footnotes":""},"class_list":["post-8296","page","type-page","status-publish","hentry"],"_links":{"self":[{"href":"https:\/\/halklailiskiler.avrasya.edu.tr\/index.php?rest_route=\/wp\/v2\/pages\/8296","targetHints":{"allow":["GET"]}}],"collection":[{"href":"https:\/\/halklailiskiler.avrasya.edu.tr\/index.php?rest_route=\/wp\/v2\/pages"}],"about":[{"href":"https:\/\/halklailiskiler.avrasya.edu.tr\/index.php?rest_route=\/wp\/v2\/types\/page"}],"author":[{"embeddable":true,"href":"https:\/\/halklailiskiler.avrasya.edu.tr\/index.php?rest_route=\/wp\/v2\/users\/1"}],"replies":[{"embeddable":true,"href":"https:\/\/halklailiskiler.avrasya.edu.tr\/index.php?rest_route=%2Fwp%2Fv2%2Fcomments&post=8296"}],"version-history":[{"count":2,"href":"https:\/\/halklailiskiler.avrasya.edu.tr\/index.php?rest_route=\/wp\/v2\/pages\/8296\/revisions"}],"predecessor-version":[{"id":8313,"href":"https:\/\/halklailiskiler.avrasya.edu.tr\/index.php?rest_route=\/wp\/v2\/pages\/8296\/revisions\/8313"}],"wp:attachment":[{"href":"https:\/\/halklailiskiler.avrasya.edu.tr\/index.php?rest_route=%2Fwp%2Fv2%2Fmedia&parent=8296"}],"curies":[{"name":"wp","href":"https:\/\/api.w.org\/{rel}","templated":true}]}}